{"id":1229,"date":"2021-05-22T11:11:40","date_gmt":"2021-05-22T11:11:40","guid":{"rendered":"https:\/\/wenchengnoodles.de\/?page_id=1229"},"modified":"2023-11-20T13:35:16","modified_gmt":"2023-11-20T13:35:16","slug":"impressum","status":"publish","type":"page","link":"https:\/\/wenchengnoodles.de\/index.php\/impressum\/","title":{"rendered":"Impressum"},"content":{"rendered":"\t\t<div data-elementor-type=\"wp-page\" data-elementor-id=\"1229\" class=\"elementor elementor-1229\">\n\t\t\t\t\t\t<section class=\"elementor-section elementor-top-section elementor-element elementor-element-036d320 elementor-section-boxed elementor-section-height-default elementor-section-height-default\" data-id=\"036d320\" data-element_type=\"section\" data-e-type=\"section\">\n\t\t\t\t\t\t<div class=\"elementor-container elementor-column-gap-default\">\n\t\t\t\t\t<div class=\"elementor-column elementor-col-100 elementor-top-column elementor-element elementor-element-027b6cb\" data-id=\"027b6cb\" data-element_type=\"column\" data-e-type=\"column\">\n\t\t\t<div class=\"elementor-widget-wrap elementor-element-populated\">\n\t\t\t\t\t\t<div class=\"elementor-element elementor-element-f85890c elementor-widget elementor-widget-html\" data-id=\"f85890c\" data-element_type=\"widget\" data-e-type=\"widget\" data-widget_type=\"html.default\">\n\t\t\t\t<div class=\"elementor-widget-container\">\n\t\t\t\t\t<style> \n\n#impressum a,\n#impressum p,\n#impressum h2 { font-family: \"degular-text\",sans-serif; }\n\n\n<\/style>\t\t\t\t<\/div>\n\t\t\t\t<\/div>\n\t\t\t\t\t<\/div>\n\t\t<\/div>\n\t\t\t\t\t<\/div>\n\t\t<\/section>\n\t\t\t\t<section class=\"elementor-section elementor-top-section elementor-element elementor-element-c31e08a elementor-section-boxed elementor-section-height-default elementor-section-height-default\" data-id=\"c31e08a\" data-element_type=\"section\" data-e-type=\"section\">\n\t\t\t\t\t\t<div class=\"elementor-container elementor-column-gap-default\">\n\t\t\t\t\t<div class=\"elementor-column elementor-col-100 elementor-top-column elementor-element elementor-element-74d09bf\" data-id=\"74d09bf\" data-element_type=\"column\" data-e-type=\"column\">\n\t\t\t<div class=\"elementor-widget-wrap elementor-element-populated\">\n\t\t\t\t\t\t<div class=\"elementor-element elementor-element-606db05 elementor-shape-circle e-grid-align-right elementor-grid-0 elementor-widget elementor-widget-social-icons\" data-id=\"606db05\" data-element_type=\"widget\" data-e-type=\"widget\" data-widget_type=\"social-icons.default\">\n\t\t\t\t<div class=\"elementor-widget-container\">\n\t\t\t\t\t\t\t<div class=\"elementor-social-icons-wrapper elementor-grid\" role=\"list\">\n\t\t\t\t\t\t\t<span class=\"elementor-grid-item\" role=\"listitem\">\n\t\t\t\t\t<a class=\"elementor-icon elementor-social-icon elementor-social-icon-facebook elementor-animation-grow elementor-repeater-item-2f0ecce\" href=\"https:\/\/www.facebook.com\/wencheng.noodles\" target=\"_blank\">\n\t\t\t\t\t\t<span class=\"elementor-screen-only\">Facebook<\/span>\n\t\t\t\t\t\t<i aria-hidden=\"true\" class=\"fab fa-facebook\"><\/i>\t\t\t\t\t<\/a>\n\t\t\t\t<\/span>\n\t\t\t\t\t\t\t<span class=\"elementor-grid-item\" role=\"listitem\">\n\t\t\t\t\t<a class=\"elementor-icon elementor-social-icon elementor-social-icon-instagram elementor-animation-grow elementor-repeater-item-a538cb6\" target=\"_blank\">\n\t\t\t\t\t\t<span class=\"elementor-screen-only\">Instagram<\/span>\n\t\t\t\t\t\t<i aria-hidden=\"true\" class=\"fab fa-instagram\"><\/i>\t\t\t\t\t<\/a>\n\t\t\t\t<\/span>\n\t\t\t\t\t<\/div>\n\t\t\t\t\t\t<\/div>\n\t\t\t\t<\/div>\n\t\t\t\t\t<\/div>\n\t\t<\/div>\n\t\t\t\t\t<\/div>\n\t\t<\/section>\n\t\t\t\t<section class=\"elementor-section elementor-top-section elementor-element elementor-element-56197ac elementor-section-boxed elementor-section-height-default elementor-section-height-default\" data-id=\"56197ac\" data-element_type=\"section\" data-e-type=\"section\">\n\t\t\t\t\t\t<div class=\"elementor-container elementor-column-gap-default\">\n\t\t\t\t\t<div class=\"elementor-column elementor-col-100 elementor-top-column elementor-element elementor-element-e594424\" data-id=\"e594424\" data-element_type=\"column\" data-e-type=\"column\">\n\t\t\t<div class=\"elementor-widget-wrap elementor-element-populated\">\n\t\t\t\t\t\t<div class=\"elementor-element elementor-element-ef961b7 elementor-widget elementor-widget-image\" data-id=\"ef961b7\" data-element_type=\"widget\" data-e-type=\"widget\" data-widget_type=\"image.default\">\n\t\t\t\t<div class=\"elementor-widget-container\">\n\t\t\t\t\t\t\t\t\t\t\t\t\t\t\t\t<a href=\"https:\/\/wenchengnoodles.de\">\n\t\t\t\t\t\t\t<img fetchpriority=\"high\" decoding=\"async\" width=\"300\" height=\"300\" src=\"https:\/\/wenchengnoodles.de\/wp-content\/uploads\/2021\/05\/wenchengcircle.png\" class=\"attachment-large size-large wp-image-1214\" alt=\"\" srcset=\"https:\/\/wenchengnoodles.de\/wp-content\/uploads\/2021\/05\/wenchengcircle.png 300w, https:\/\/wenchengnoodles.de\/wp-content\/uploads\/2021\/05\/wenchengcircle-150x150.png 150w\" sizes=\"(max-width: 300px) 100vw, 300px\" \/>\t\t\t\t\t\t\t\t<\/a>\n\t\t\t\t\t\t\t\t\t\t\t\t\t\t\t<\/div>\n\t\t\t\t<\/div>\n\t\t\t\t\t<\/div>\n\t\t<\/div>\n\t\t\t\t\t<\/div>\n\t\t<\/section>\n\t\t\t\t<section class=\"elementor-section elementor-top-section elementor-element elementor-element-ba9e887 elementor-section-boxed elementor-section-height-default elementor-section-height-default\" data-id=\"ba9e887\" data-element_type=\"section\" data-e-type=\"section\">\n\t\t\t\t\t\t<div class=\"elementor-container elementor-column-gap-default\">\n\t\t\t\t\t<div class=\"elementor-column elementor-col-100 elementor-top-column elementor-element elementor-element-883a55f\" data-id=\"883a55f\" data-element_type=\"column\" data-e-type=\"column\">\n\t\t\t<div class=\"elementor-widget-wrap elementor-element-populated\">\n\t\t\t\t\t\t<div class=\"elementor-element elementor-element-0d8cf7f elementor-widget elementor-widget-heading\" data-id=\"0d8cf7f\" data-element_type=\"widget\" data-e-type=\"widget\" id=\"impressum\" data-widget_type=\"heading.default\">\n\t\t\t\t<div class=\"elementor-widget-container\">\n\t\t\t\t\t<h2 class=\"elementor-heading-title elementor-size-default\">IMPRESSUM<\/h2>\t\t\t\t<\/div>\n\t\t\t\t<\/div>\n\t\t\t\t\t<\/div>\n\t\t<\/div>\n\t\t\t\t\t<\/div>\n\t\t<\/section>\n\t\t\t\t<section class=\"elementor-section elementor-top-section elementor-element elementor-element-84fbd16 elementor-section-boxed elementor-section-height-default elementor-section-height-default\" data-id=\"84fbd16\" data-element_type=\"section\" data-e-type=\"section\">\n\t\t\t\t\t\t<div class=\"elementor-container elementor-column-gap-default\">\n\t\t\t\t\t<div class=\"elementor-column elementor-col-100 elementor-top-column elementor-element elementor-element-75520fa\" data-id=\"75520fa\" data-element_type=\"column\" data-e-type=\"column\">\n\t\t\t<div class=\"elementor-widget-wrap elementor-element-populated\">\n\t\t\t\t\t\t<div class=\"elementor-element elementor-element-a50e164 elementor-widget elementor-widget-text-editor\" data-id=\"a50e164\" data-element_type=\"widget\" data-e-type=\"widget\" id=\"impressum\" data-widget_type=\"text-editor.default\">\n\t\t\t\t<div class=\"elementor-widget-container\">\n\t\t\t\t\t\t\t\t\t<div class=\"_2egft\"><div id=\"Containerwrrqt\" class=\"_1Cfot\"><div class=\"\" data-mesh-id=\"ContainerwrrqtinlineContent\" data-testid=\"inline-content\"><div data-mesh-id=\"ContainerwrrqtinlineContent-gridContainer\" data-testid=\"mesh-container-content\"><div id=\"comp-jn09a36a\" class=\"_2bafp\" data-testid=\"richTextElement\"><p><strong>Unternehmensangaben nach \u00a7 5 Telemediengesetz (TMG)<\/strong><\/p><p>\u200b<\/p><p>Angaben gem\u00e4\u00df \u00a7 5 Telemediengesetz (TMG):<\/p><p>WEN CHENG<\/p><p>Gao und Spie\u00df GmBH<\/p><p>Sch\u00f6nhauser Allee 65<\/p><p>10437 Berlin<\/p><p>Gesch\u00e4ftsf\u00fchrer: Rui Gao<\/p><p>Gesellschafter: Peng Gao und Valentin Spie\u00df<\/p><p>E-Mail: <a href=\"mailto:info@wenchengnoodles.de\">info@wenchengnoodles.de<\/a><\/p><p>Umsatzsteuer-Identifikationsnummer: tba<\/p><p>Verantwortlicher: Rui Gao<\/p><p>Sonnenallee 72<\/p><p>12045 Berlin<\/p><p>Ausschluss der Haftung:<\/p><p>\u200b<\/p><p>1. Haftung f\u00fcr Inhalte<\/p><p>Der Inhalt unserer Internetseite wurde mit gr\u00f6\u00dftm\u00f6glicher Sorgfalt erstellt. Wir \u00fcbernehmen jedoch keine Gew\u00e4hr daf\u00fcr, dass dieser Inhalt richtig, vollst\u00e4ndig, und aktuell ist und zudem noch gef\u00e4llt. Gem\u00e4\u00df \u00a7 7 Abs. 1 TMG sind wir f\u00fcr den Inhalt verantwortlich, selbst wenn dieser bestellt wurde.<\/p><p>Gem\u00e4\u00df den \u00a7\u00a7 8, 9 und 10 TMG ist f\u00fcr uns keine Verpflichtung gegeben, dass wir Informationen von Dritten, die \u00fcbermittelt oder gespeichert wurden, \u00fcberwachen oder Umst\u00e4nde erheben, die Hinweise auf nicht rechtm\u00e4\u00dfige T\u00e4tigkeiten ergeben.<\/p><p>Davon nicht ber\u00fchrt, ist unsere Verpflichtung zur Sperrung oder Entfernung von Informationen, welche von den allgemeinen Gesetzen herr\u00fchrt.<\/p><p>Wir haften allerdings erst in dem Moment, in dem wir von einer konkreten Verletzung von Rechten Kenntnis bekommen. Dann wird eine unverz\u00fcgliche Entfernung des entsprechenden Inhalts vorgenommen.<\/p><p>2. Haftung f\u00fcr Links<\/p><p>Unsere Internetseite enth\u00e4lt Links, die zu externen Internetseiten von Dritten f\u00fchren, auf deren Inhalte wir jedoch keinen Einfluss haben. Es ist uns daher nicht m\u00f6glich, eine Gew\u00e4hr f\u00fcr diese Inhalte zu tragen.<\/p><p>Die Verantwortung daf\u00fcr hat immer der jeweilige Anbieter\/Betreiber der entsprechenden Internetseite. Wir \u00fcberpr\u00fcfen die von uns verlinkten Internetseiten zum Zeitpunkt der Verlinkung auf einen m\u00f6glichen Rechtsversto\u00df in voller Breite.<\/p><p>Es kann uns jedoch, ohne einen konkreten Anhaltspunkt, nicht zugemutet werden, st\u00e4ndig die verlinkten Internetseiten inhaltlich zu \u00fcberwachen. Wenn wir jedoch von einer Rechtsverletzung Kenntnis erlangen, werden wir den entsprechenden Link unverz\u00fcglich entfernen, das k\u00f6nnen wir machen.<\/p><p>3. Urheberrecht<\/p><p>Die auf unserer Internetseite enthaltenen Inhalte sind, soweit m\u00f6glich, urheberrechtlich gesch\u00fctzt. Es bedarf einer schriftlichen Genehmigung des Erstellers f\u00fcr denjenigen, der die Inhalte vervielf\u00e4ltigt, bearbeitet, verbreitet oder n\u00fctzt.<\/p><p>Das Herunterladen und Kopieren unserer Internetseite ist sowohl f\u00fcr den privaten als auch den kommerziellen Gebrauch von uns schriftlich zu gestatten. Wir weisen darauf hin, dass wir hinsichtlich der Inhalte auf unserer Internetseite, soweit sie nicht von uns erstellt worden sind, das Urheberrecht von Dritten jederzeit beachtet hatten.<\/p><p>Wenn Sie uns mitteilen w\u00fcrden, dass Sie trotzdem eine Urheberrechtsverletzung gefunden haben, w\u00fcrden wir das sehr sch\u00e4tzen. Dann k\u00f6nnen wir den entsprechenden Inhalt sofort entfernen und w\u00fcrden damit das Urheberrecht nicht mehr verletzen.<\/p><p>4. Datenschutz<\/p><p>Unsere Internetseite kann regelm\u00e4\u00dfig ohne die Angabe von personenbezogenen Daten genutzt werden. Falls solche Daten (z.B. Name, Adresse oder E-Mail) doch erhoben werden sollten, geschieht das, freiwillig oder nur mit ausdr\u00fccklicher Zustimmung durch Sie und durch uns zu verbergen.<\/p><p>Die \u00dcbertragung von Daten im Internet ist mit Sicherheitsl\u00fccken befangen. Es ist daher m\u00f6glich, dass Dritte Zugriff auf diese Daten erlangen. Ein l\u00fcckenloser Schutz ist nicht m\u00f6glich, wenn auch l\u00f6blich.<\/p><p>Wir widersprechen an dieser Stelle der Nutzung unserer Kontaktdaten, um uns damit nicht verlangte Werbung\/Informationsmaterial\/Spam-Mails zukommen zu lassen. Sollte dies dennoch geschehen, m\u00fcssten wir rechtliche Schritte ins Auge fassen.<\/p><p>5. Tracking<\/p><p><code><p id=\"matomo_opted_out_intro\" style=\"display:none;\">Opt-out complete; your visits to this website will not be recorded by the Web Analytics tool. Note that if you clear your cookies, delete the opt-out cookie, or if you change computers or Web browsers, you will need to perform the opt-out procedure again.<\/p><p id=\"matomo_opted_in_intro\" >You may choose to prevent this website from aggregating and analyzing the actions you take here. Doing so will protect your privacy, but will also prevent the owner from learning from your actions and creating a better experience for you and other users.<\/p><form>\n        <input type=\"checkbox\" id=\"matomo_optout_checkbox\" checked=\"checked\"\/>\n        <label for=\"matomo_optout_checkbox\"><strong>\n        <span id=\"matomo_opted_in_label\" >You are not opted out. Uncheck this box to opt-out.<\/span>\n\t\t<span id=\"matomo_opted_out_label\" style=\"display:none;\">You are currently opted out. Check this box to opt-in.<\/span>\n        <\/strong><\/label><\/form><noscript><p><strong style=\"color: #ff0000;\">This opt out feature requires JavaScript.<\/strong><\/p><\/noscript><p id=\"matomo_outout_err_cookies\" style=\"display: none;\"><strong>The tracking opt-out feature requires cookies to be enabled.<\/strong><\/p><\/code><\/p><\/div><\/div><\/div><\/div><\/div>\t\t\t\t\t\t\t\t<\/div>\n\t\t\t\t<\/div>\n\t\t\t\t\t<\/div>\n\t\t<\/div>\n\t\t\t\t\t<\/div>\n\t\t<\/section>\n\t\t\t\t<\/div>\n\t\t","protected":false},"excerpt":{"rendered":"<p>Facebook Instagram IMPRESSUM Unternehmensangaben nach \u00a7 5 Telemediengesetz (TMG) \u200b Angaben gem\u00e4\u00df \u00a7 5 Telemediengesetz (TMG): WEN CHENG Gao und Spie\u00df GmBH Sch\u00f6nhauser Allee 65 10437 Berlin Gesch\u00e4ftsf\u00fchrer: Rui Gao Gesellschafter: Peng Gao und Valentin Spie\u00df E-Mail: info@wenchengnoodles.de Umsatzsteuer-Identifikationsnummer: tba Verantwortlicher: Rui Gao Sonnenallee 72 12045 Berlin Ausschluss der Haftung: \u200b 1. Haftung f\u00fcr Inhalte [&hellip;]<\/p>\n","protected":false},"author":1,"featured_media":0,"parent":0,"menu_order":0,"comment_status":"closed","ping_status":"closed","template":"","meta":{"footnotes":""},"class_list":["post-1229","page","type-page","status-publish","hentry"],"yoast_head":"<!-- This site is optimized with the Yoast SEO plugin v26.8 - https:\/\/yoast.com\/product\/yoast-seo-wordpress\/ -->\n<title>WEN CHENG &#8226; Impressum<\/title>\n<meta name=\"robots\" content=\"index, follow, max-snippet:-1, max-image-preview:large, max-video-preview:-1\" \/>\n<link rel=\"canonical\" href=\"https:\/\/wenchengnoodles.de\/index.php\/impressum\/\" \/>\n<meta property=\"og:locale\" content=\"en_US\" \/>\n<meta property=\"og:type\" content=\"article\" \/>\n<meta property=\"og:title\" content=\"WEN CHENG &#8226; Impressum\" \/>\n<meta property=\"og:description\" content=\"Facebook Instagram IMPRESSUM Unternehmensangaben nach \u00a7 5 Telemediengesetz (TMG) \u200b Angaben gem\u00e4\u00df \u00a7 5 Telemediengesetz (TMG): WEN CHENG Gao und Spie\u00df GmBH Sch\u00f6nhauser Allee 65 10437 Berlin Gesch\u00e4ftsf\u00fchrer: Rui Gao Gesellschafter: Peng Gao und Valentin Spie\u00df E-Mail: info@wenchengnoodles.de Umsatzsteuer-Identifikationsnummer: tba Verantwortlicher: Rui Gao Sonnenallee 72 12045 Berlin Ausschluss der Haftung: \u200b 1. Haftung f\u00fcr Inhalte [&hellip;]\" \/>\n<meta property=\"og:url\" content=\"https:\/\/wenchengnoodles.de\/index.php\/impressum\/\" \/>\n<meta property=\"og:site_name\" content=\"WEN CHENG\" \/>\n<meta property=\"article:publisher\" content=\"https:\/\/www.facebook.com\/wencheng.noodles\" \/>\n<meta property=\"article:modified_time\" content=\"2023-11-20T13:35:16+00:00\" \/>\n<meta property=\"og:image\" content=\"https:\/\/wenchengnoodles.de\/wp-content\/uploads\/2021\/05\/wenchengcircle.png\" \/>\n<meta name=\"twitter:card\" content=\"summary_large_image\" \/>\n<meta name=\"twitter:label1\" content=\"Est. reading time\" \/>\n\t<meta name=\"twitter:data1\" content=\"3 minutes\" \/>\n<script type=\"application\/ld+json\" class=\"yoast-schema-graph\">{\"@context\":\"https:\/\/schema.org\",\"@graph\":[{\"@type\":\"WebPage\",\"@id\":\"https:\/\/wenchengnoodles.de\/index.php\/impressum\/\",\"url\":\"https:\/\/wenchengnoodles.de\/index.php\/impressum\/\",\"name\":\"WEN CHENG &#8226; Impressum\",\"isPartOf\":{\"@id\":\"https:\/\/wenchengnoodles.de\/#website\"},\"primaryImageOfPage\":{\"@id\":\"https:\/\/wenchengnoodles.de\/index.php\/impressum\/#primaryimage\"},\"image\":{\"@id\":\"https:\/\/wenchengnoodles.de\/index.php\/impressum\/#primaryimage\"},\"thumbnailUrl\":\"https:\/\/wenchengnoodles.de\/wp-content\/uploads\/2021\/05\/wenchengcircle.png\",\"datePublished\":\"2021-05-22T11:11:40+00:00\",\"dateModified\":\"2023-11-20T13:35:16+00:00\",\"breadcrumb\":{\"@id\":\"https:\/\/wenchengnoodles.de\/index.php\/impressum\/#breadcrumb\"},\"inLanguage\":\"en-US\",\"potentialAction\":[{\"@type\":\"ReadAction\",\"target\":[\"https:\/\/wenchengnoodles.de\/index.php\/impressum\/\"]}]},{\"@type\":\"ImageObject\",\"inLanguage\":\"en-US\",\"@id\":\"https:\/\/wenchengnoodles.de\/index.php\/impressum\/#primaryimage\",\"url\":\"https:\/\/wenchengnoodles.de\/wp-content\/uploads\/2021\/05\/wenchengcircle.png\",\"contentUrl\":\"https:\/\/wenchengnoodles.de\/wp-content\/uploads\/2021\/05\/wenchengcircle.png\",\"width\":300,\"height\":300},{\"@type\":\"BreadcrumbList\",\"@id\":\"https:\/\/wenchengnoodles.de\/index.php\/impressum\/#breadcrumb\",\"itemListElement\":[{\"@type\":\"ListItem\",\"position\":1,\"name\":\"Home\",\"item\":\"https:\/\/wenchengnoodles.de\/\"},{\"@type\":\"ListItem\",\"position\":2,\"name\":\"Impressum\"}]},{\"@type\":\"WebSite\",\"@id\":\"https:\/\/wenchengnoodles.de\/#website\",\"url\":\"https:\/\/wenchengnoodles.de\/\",\"name\":\"WEN CHENG\",\"description\":\"chinese noodle specialties\",\"publisher\":{\"@id\":\"https:\/\/wenchengnoodles.de\/#organization\"},\"potentialAction\":[{\"@type\":\"SearchAction\",\"target\":{\"@type\":\"EntryPoint\",\"urlTemplate\":\"https:\/\/wenchengnoodles.de\/?s={search_term_string}\"},\"query-input\":{\"@type\":\"PropertyValueSpecification\",\"valueRequired\":true,\"valueName\":\"search_term_string\"}}],\"inLanguage\":\"en-US\"},{\"@type\":\"Organization\",\"@id\":\"https:\/\/wenchengnoodles.de\/#organization\",\"name\":\"WEN CHENG\",\"url\":\"https:\/\/wenchengnoodles.de\/\",\"logo\":{\"@type\":\"ImageObject\",\"inLanguage\":\"en-US\",\"@id\":\"https:\/\/wenchengnoodles.de\/#\/schema\/logo\/image\/\",\"url\":\"https:\/\/wenchengnoodles.de\/wp-content\/uploads\/2021\/06\/favicon.png\",\"contentUrl\":\"https:\/\/wenchengnoodles.de\/wp-content\/uploads\/2021\/06\/favicon.png\",\"width\":512,\"height\":512,\"caption\":\"WEN CHENG\"},\"image\":{\"@id\":\"https:\/\/wenchengnoodles.de\/#\/schema\/logo\/image\/\"},\"sameAs\":[\"https:\/\/www.facebook.com\/wencheng.noodles\",\"https:\/\/www.instagram.com\/wencheng_handpullednoodles\/\"]}]}<\/script>\n<!-- \/ Yoast SEO plugin. -->","yoast_head_json":{"title":"WEN CHENG &#8226; Impressum","robots":{"index":"index","follow":"follow","max-snippet":"max-snippet:-1","max-image-preview":"max-image-preview:large","max-video-preview":"max-video-preview:-1"},"canonical":"https:\/\/wenchengnoodles.de\/index.php\/impressum\/","og_locale":"en_US","og_type":"article","og_title":"WEN CHENG &#8226; Impressum","og_description":"Facebook Instagram IMPRESSUM Unternehmensangaben nach \u00a7 5 Telemediengesetz (TMG) \u200b Angaben gem\u00e4\u00df \u00a7 5 Telemediengesetz (TMG): WEN CHENG Gao und Spie\u00df GmBH Sch\u00f6nhauser Allee 65 10437 Berlin Gesch\u00e4ftsf\u00fchrer: Rui Gao Gesellschafter: Peng Gao und Valentin Spie\u00df E-Mail: info@wenchengnoodles.de Umsatzsteuer-Identifikationsnummer: tba Verantwortlicher: Rui Gao Sonnenallee 72 12045 Berlin Ausschluss der Haftung: \u200b 1. Haftung f\u00fcr Inhalte [&hellip;]","og_url":"https:\/\/wenchengnoodles.de\/index.php\/impressum\/","og_site_name":"WEN CHENG","article_publisher":"https:\/\/www.facebook.com\/wencheng.noodles","article_modified_time":"2023-11-20T13:35:16+00:00","og_image":[{"url":"https:\/\/wenchengnoodles.de\/wp-content\/uploads\/2021\/05\/wenchengcircle.png","type":"","width":"","height":""}],"twitter_card":"summary_large_image","twitter_misc":{"Est. reading time":"3 minutes"},"schema":{"@context":"https:\/\/schema.org","@graph":[{"@type":"WebPage","@id":"https:\/\/wenchengnoodles.de\/index.php\/impressum\/","url":"https:\/\/wenchengnoodles.de\/index.php\/impressum\/","name":"WEN CHENG &#8226; Impressum","isPartOf":{"@id":"https:\/\/wenchengnoodles.de\/#website"},"primaryImageOfPage":{"@id":"https:\/\/wenchengnoodles.de\/index.php\/impressum\/#primaryimage"},"image":{"@id":"https:\/\/wenchengnoodles.de\/index.php\/impressum\/#primaryimage"},"thumbnailUrl":"https:\/\/wenchengnoodles.de\/wp-content\/uploads\/2021\/05\/wenchengcircle.png","datePublished":"2021-05-22T11:11:40+00:00","dateModified":"2023-11-20T13:35:16+00:00","breadcrumb":{"@id":"https:\/\/wenchengnoodles.de\/index.php\/impressum\/#breadcrumb"},"inLanguage":"en-US","potentialAction":[{"@type":"ReadAction","target":["https:\/\/wenchengnoodles.de\/index.php\/impressum\/"]}]},{"@type":"ImageObject","inLanguage":"en-US","@id":"https:\/\/wenchengnoodles.de\/index.php\/impressum\/#primaryimage","url":"https:\/\/wenchengnoodles.de\/wp-content\/uploads\/2021\/05\/wenchengcircle.png","contentUrl":"https:\/\/wenchengnoodles.de\/wp-content\/uploads\/2021\/05\/wenchengcircle.png","width":300,"height":300},{"@type":"BreadcrumbList","@id":"https:\/\/wenchengnoodles.de\/index.php\/impressum\/#breadcrumb","itemListElement":[{"@type":"ListItem","position":1,"name":"Home","item":"https:\/\/wenchengnoodles.de\/"},{"@type":"ListItem","position":2,"name":"Impressum"}]},{"@type":"WebSite","@id":"https:\/\/wenchengnoodles.de\/#website","url":"https:\/\/wenchengnoodles.de\/","name":"WEN CHENG","description":"chinese noodle specialties","publisher":{"@id":"https:\/\/wenchengnoodles.de\/#organization"},"potentialAction":[{"@type":"SearchAction","target":{"@type":"EntryPoint","urlTemplate":"https:\/\/wenchengnoodles.de\/?s={search_term_string}"},"query-input":{"@type":"PropertyValueSpecification","valueRequired":true,"valueName":"search_term_string"}}],"inLanguage":"en-US"},{"@type":"Organization","@id":"https:\/\/wenchengnoodles.de\/#organization","name":"WEN CHENG","url":"https:\/\/wenchengnoodles.de\/","logo":{"@type":"ImageObject","inLanguage":"en-US","@id":"https:\/\/wenchengnoodles.de\/#\/schema\/logo\/image\/","url":"https:\/\/wenchengnoodles.de\/wp-content\/uploads\/2021\/06\/favicon.png","contentUrl":"https:\/\/wenchengnoodles.de\/wp-content\/uploads\/2021\/06\/favicon.png","width":512,"height":512,"caption":"WEN CHENG"},"image":{"@id":"https:\/\/wenchengnoodles.de\/#\/schema\/logo\/image\/"},"sameAs":["https:\/\/www.facebook.com\/wencheng.noodles","https:\/\/www.instagram.com\/wencheng_handpullednoodles\/"]}]}},"_links":{"self":[{"href":"https:\/\/wenchengnoodles.de\/index.php\/wp-json\/wp\/v2\/pages\/1229","targetHints":{"allow":["GET"]}}],"collection":[{"href":"https:\/\/wenchengnoodles.de\/index.php\/wp-json\/wp\/v2\/pages"}],"about":[{"href":"https:\/\/wenchengnoodles.de\/index.php\/wp-json\/wp\/v2\/types\/page"}],"author":[{"embeddable":true,"href":"https:\/\/wenchengnoodles.de\/index.php\/wp-json\/wp\/v2\/users\/1"}],"replies":[{"embeddable":true,"href":"https:\/\/wenchengnoodles.de\/index.php\/wp-json\/wp\/v2\/comments?post=1229"}],"version-history":[{"count":49,"href":"https:\/\/wenchengnoodles.de\/index.php\/wp-json\/wp\/v2\/pages\/1229\/revisions"}],"predecessor-version":[{"id":1591,"href":"https:\/\/wenchengnoodles.de\/index.php\/wp-json\/wp\/v2\/pages\/1229\/revisions\/1591"}],"wp:attachment":[{"href":"https:\/\/wenchengnoodles.de\/index.php\/wp-json\/wp\/v2\/media?parent=1229"}],"curies":[{"name":"wp","href":"https:\/\/api.w.org\/{rel}","templated":true}]}}